{"id":8,"date":"2005-01-01T09:00:46","date_gmt":"2005-01-01T07:00:46","guid":{"rendered":"http:\/\/www.schmittat-industrieservice.de\/wordpress\/?page_id=2"},"modified":"2012-09-11T05:44:41","modified_gmt":"2012-09-11T03:44:41","slug":"beispiel-seite-2","status":"publish","type":"page","link":"http:\/\/rsiservice.de\/wordpress\/?page_id=8","title":{"rendered":"Impressum"},"content":{"rendered":"<p>&#8230; f\u00fcr:<strong> <\/strong><\/p>\n<p><strong>RSi \/ Rolf Schmittat Industrieservice<\/strong><\/p>\n<p><strong><span style=\"color: #ff0000;\">Gem\u00e4\u00df \u00a7 28 BDSG widerspreche ich jeder kommerziellen Verwendung und Weitergabe meiner Daten.<\/span><\/strong><\/p>\n<p><strong>Verantwortungsbereich:<\/strong><\/p>\n<p>Das Impressum gilt f\u00fcr die Internetpr\u00e4senz unter den Adressen:<\/p>\n<ul>\n<li>rsiservice.de<\/li>\n<li>rsiservice.org<\/li>\n<li>rsiservice.net<\/li>\n<li>rsiservice.info<\/li>\n<li>schmittat-industrieservice.de<\/li>\n<\/ul>\n<p><strong>Abgrenzung:<\/strong><\/p>\n<p>Die Web-Pr\u00e4senz ist Teil des WWW und dementsprechend mit fremden, sich jederzeit wandeln k\u00f6nnenden Web-Sites verkn\u00fcpft, die folglich auch nicht diesem Verantwortungsbereich unterliegen und f\u00fcr die nachfolgende Informationen nicht gelten. Dass die Links weder gegen Sitten noch Gesetze versto\u00dfen, wurde genau ein mal gepr\u00fcft: bevor sie hier aufgenommen wurden. Solche Links, die zu fremden Webprojekten f\u00fchren, erkennen Sie daran: Links<\/p>\n<p><strong>Verantwortliche Ansprechperson:<\/strong><\/p>\n<p>Rolf Schmittat<\/p>\n<p><strong>Anschrift:<\/strong><\/p>\n<p>Vor der H\u00f6he 7 &#8211; 31832 Springe<\/p>\n<p><strong>elektronische Postadresse:<\/strong><\/p>\n<p>info@rsiservice.de<\/p>\n<p><strong>Schnelle elektronische und unmittelbare Kommunikation:<\/strong><\/p>\n<p>Telefon 05041 7791941 &#8211; Mobil 01577 3862635 &#8211; Fax 03212 123 2207<\/p>\n<p><strong>Umsatzsteueridentifikationsnummer:<\/strong><\/p>\n<p>de 115498501<\/p>\n<p><strong>Steuernummer:<\/strong><\/p>\n<p>42\/141\/00904<\/p>\n<p><strong>Journalistisch-redaktionelle Verantwortung:<\/strong><\/p>\n<p>Rolf Schmittat &#8211; Vor der H\u00f6he 7 &#8211; 31832 Springe<\/p>\n<p><strong>Urheberschutz und Nutzung:<\/strong><\/p>\n<p>Der Urheber r\u00e4umt Ihnen ganz konkret das Nutzungsrecht ein, sich eine private Kopie f\u00fcr pers\u00f6nliche Zwecke anzufertigen. Nicht berechtigt sind Sie dagegen, die Materialien zu ver\u00e4ndern und \/oder weiter zu geben oder gar selbst zu ver\u00f6ffentlichen.<br \/>\nWenn nicht ausdr\u00fccklich anders vermerkt, liegen die Urheberrechte f\u00fcr Texte bei: Rolf Schmittat<\/p>\n<p><strong>Die meisten Illustrationen unterliegen den Urheberrechten von:<\/strong><\/p>\n<p>Rolf Schmittat<\/p>\n<p><strong>Datenschutz:<\/strong><\/p>\n<p>Personenbezogene Daten werden nur mit Ihrem Wissen und Ihrer Einwilligung erhoben. Auf Antrag erhalten Sie unentgeltlich Auskunft zu den \u00fcber Sie gespeicherten personenbezogenen Daten.<\/p>\n<p>Wenden Sie sich dazu bitte an: Rolf Schmittat &#8211; info@rsiservice.de<\/p>\n<p><strong>Keine Haftung:<\/strong><\/p>\n<p>Die Inhalte dieses Webprojektes wurden sorgf\u00e4ltig gepr\u00fcft und nach bestem Wissen erstellt. Aber f\u00fcr die hier dargebotenen Informationen wird kein Anspruch auf Vollst\u00e4ndigkeit, Aktualit\u00e4t, Qualit\u00e4t und Richtigkeit erhoben. Es kann keine Verantwortung f\u00fcr Sch\u00e4den \u00fcbernommen werden, die durch das Vertrauen auf die Inhalte dieser Website oder deren Gebrauch entstehen.<\/p>\n<p><strong>Schutzrechtsverletzung:<\/strong><\/p>\n<p><strong><span style=\"color: #ff0000;\">Falls Sie vermuten, dass von dieser Website aus eines Ihrer Schutzrechte verletzt wird, teilen Sie das bitte umgehend per elektronischer Post mit, damit z\u00fcgig Abhilfe geschafft werden kann.<\/span><\/strong><\/p>\n<p><strong><span style=\"color: #ff0000;\">Bitte nehmen Sie zur Kenntnis: Die zeitaufw\u00e4ndigere Einschaltung eines Anwaltes zur f\u00fcr den Diensteanbieter kostenpflichtigen Abmahnung entspricht nicht dessen wirklichen oder mutma\u00dflichen Willen.<\/span><\/strong><\/p>\n","protected":false},"excerpt":{"rendered":"<p>&#8230; f\u00fcr: RSi \/ Rolf Schmittat Industrieservice Gem\u00e4\u00df \u00a7 28 BDSG widerspreche ich jeder kommerziellen Verwendung und Weitergabe meiner Daten. Verantwortungsbereich: Das Impressum gilt f\u00fcr die Internetpr\u00e4senz unter den Adressen: rsiservice.de rsiservice.org rsiservice.net rsiservice.info schmittat-industrieservice.de Abgrenzung: Die Web-Pr\u00e4senz ist Teil des WWW und dementsprechend mit fremden, sich jederzeit wandeln k\u00f6nnenden Web-Sites verkn\u00fcpft, die folglich auch &hellip; <\/p>\n<p class=\"link-more\"><a href=\"http:\/\/rsiservice.de\/wordpress\/?page_id=8\" class=\"more-link\"><span class=\"screen-reader-text\">\u201eImpressum\u201c<\/span> weiterlesen<\/a><\/p>\n","protected":false},"author":2,"featured_media":0,"parent":0,"menu_order":6,"comment_status":"closed","ping_status":"closed","template":"","meta":{"footnotes":""},"class_list":["post-8","page","type-page","status-publish","hentry"],"_links":{"self":[{"href":"http:\/\/rsiservice.de\/wordpress\/index.php?rest_route=\/wp\/v2\/pages\/8","targetHints":{"allow":["GET"]}}],"collection":[{"href":"http:\/\/rsiservice.de\/wordpress\/index.php?rest_route=\/wp\/v2\/pages"}],"about":[{"href":"http:\/\/rsiservice.de\/wordpress\/index.php?rest_route=\/wp\/v2\/types\/page"}],"author":[{"embeddable":true,"href":"http:\/\/rsiservice.de\/wordpress\/index.php?rest_route=\/wp\/v2\/users\/2"}],"replies":[{"embeddable":true,"href":"http:\/\/rsiservice.de\/wordpress\/index.php?rest_route=%2Fwp%2Fv2%2Fcomments&post=8"}],"version-history":[{"count":10,"href":"http:\/\/rsiservice.de\/wordpress\/index.php?rest_route=\/wp\/v2\/pages\/8\/revisions"}],"predecessor-version":[{"id":89,"href":"http:\/\/rsiservice.de\/wordpress\/index.php?rest_route=\/wp\/v2\/pages\/8\/revisions\/89"}],"wp:attachment":[{"href":"http:\/\/rsiservice.de\/wordpress\/index.php?rest_route=%2Fwp%2Fv2%2Fmedia&parent=8"}],"curies":[{"name":"wp","href":"https:\/\/api.w.org\/{rel}","templated":true}]}}